{"id":2,"date":"2023-05-19T07:23:51","date_gmt":"2023-05-19T07:23:51","guid":{"rendered":"https:\/\/thorsten.meyne.net\/?page_id=2"},"modified":"2023-05-21T04:41:45","modified_gmt":"2023-05-21T04:41:45","slug":"sample-page","status":"publish","type":"page","link":"https:\/\/thorsten.meyne.net\/?page_id=2","title":{"rendered":"VITA"},"content":{"rendered":"\n<p>    aktuell<\/p>\n\n\n\n<p>2006 &#8211; 2019 Pentamax GmbH<\/p>\n\n\n\n<p>2004 &#8211; 2006 micc GmbH<\/p>\n\n\n\n<p>2001 &#8211; 2004 Euro Electronic Trade <\/p>\n\n\n\n<blockquote class=\"wp-block-quote is-layout-flow wp-block-quote-is-layout-flow\">\n<p>Der Verkauf der Just! im Jahre 2000 eine Berater Position als Consultant Strategic Development in Bereich elektronischen Vertriebs wurde in Zusammenarbeit mit kreativen K\u00f6pfen aus dem TV Bereich digitale Formate f\u00fcr das internet entwickelt. Neben Spezial Verkaufsplattformen f\u00fcr Videogames (spieleauktion.com) wo der bekannte RTL H\u00fctchenspieler &#8222;Pronto, Pronto Salvatore&#8220; als Testimonial  war. Extra f\u00fcr diese Verkaufsplattform wurde eine Verwaltungssoftware <\/p>\n<\/blockquote>\n\n\n\n<p>1994 &#8211; 2001 Gesch\u00e4ftsf\u00fchrer im Segment Videogames<\/p>\n\n\n\n<blockquote class=\"wp-block-quote is-layout-flow wp-block-quote-is-layout-flow\">\n<p>Aus einer Personengesellschaft im Videospiele Segment hat Thorsten Meyne 1994 die Just! Waren Vertriebs GmbH gegr\u00fcndet die neben Rest &amp; Sonderposten auch Lieferant f\u00fcr namhafte Katalogversender wie Quelle, Neckermann, Bauer oder Otto Versand war. <br>Die damals zahlreichen Gro\u00dfh\u00e4ndler sowie Einzelh\u00e4ndler (darunter auch viele Videotheken) in dem noch jungen Marktsegment Videogames (Gameboy, SuperNintendo, Sega) wurde auch durch attraktive Reimporte preiswert beliefert. <\/p>\n\n\n\n<p>Schon 1996 auf der ECTS Messe in London hat Thorsten Meyne als einer der wenigen Aussteller eine eigene Webseite f\u00fcr die Nintendo und Playstation Zubeh\u00f6r Linie vorgestellt (just4fun.de) auf dem interessierte H\u00e4ndler das Gesamt Sortiment online ansehen konnten. <br>Innovativ und dem Leitsatz folgen &#8222;be an innovator &#8211; not a follower&#8220; hatte bei Just seit 1996 jeder Mitarbeiter seine eigene direkte email Adresse auf just4fun. <\/p>\n\n\n\n<p>Mit justashop wurde zeitgleich bereits 1997 der erste Onlineshop auf Basis von intershop realisiert. <\/p>\n\n\n\n<p><\/p>\n<\/blockquote>\n\n\n\n<p>Ausbilung 1991 &#8211; 1994 zu Kaufmann f\u00fcr B\u00fcroorganisation<\/p>\n\n\n\n<blockquote class=\"wp-block-quote is-layout-flow wp-block-quote-is-layout-flow\">\n<p>Collico Verpackung &amp; Service GmbH, Solingen ein Tochterunternehmen der Deutschen Bundesbahn. <\/p>\n<\/blockquote>\n","protected":false},"excerpt":{"rendered":"<p>aktuell 2006 &#8211; 2019 Pentamax GmbH 2004 &#8211; 2006 micc GmbH 2001 &#8211; 2004 Euro Electronic Trade Der Verkauf der Just! im Jahre 2000 eine Berater Position als Consultant Strategic Development in Bereich elektronischen Vertriebs wurde in Zusammenarbeit mit kreativen K\u00f6pfen aus dem TV Bereich digitale Formate f\u00fcr das internet entwickelt. Neben Spezial Verkaufsplattformen f\u00fcr [&hellip;]<\/p>\n","protected":false},"author":1,"featured_media":0,"parent":0,"menu_order":0,"comment_status":"closed","ping_status":"open","template":"","meta":{"footnotes":""},"class_list":["post-2","page","type-page","status-publish","hentry"],"_links":{"self":[{"href":"https:\/\/thorsten.meyne.net\/index.php?rest_route=\/wp\/v2\/pages\/2","targetHints":{"allow":["GET"]}}],"collection":[{"href":"https:\/\/thorsten.meyne.net\/index.php?rest_route=\/wp\/v2\/pages"}],"about":[{"href":"https:\/\/thorsten.meyne.net\/index.php?rest_route=\/wp\/v2\/types\/page"}],"author":[{"embeddable":true,"href":"https:\/\/thorsten.meyne.net\/index.php?rest_route=\/wp\/v2\/users\/1"}],"replies":[{"embeddable":true,"href":"https:\/\/thorsten.meyne.net\/index.php?rest_route=%2Fwp%2Fv2%2Fcomments&post=2"}],"version-history":[{"count":5,"href":"https:\/\/thorsten.meyne.net\/index.php?rest_route=\/wp\/v2\/pages\/2\/revisions"}],"predecessor-version":[{"id":29,"href":"https:\/\/thorsten.meyne.net\/index.php?rest_route=\/wp\/v2\/pages\/2\/revisions\/29"}],"wp:attachment":[{"href":"https:\/\/thorsten.meyne.net\/index.php?rest_route=%2Fwp%2Fv2%2Fmedia&parent=2"}],"curies":[{"name":"wp","href":"https:\/\/api.w.org\/{rel}","templated":true}]}}